{"id":272,"date":"2022-07-28T11:03:23","date_gmt":"2022-07-28T11:03:23","guid":{"rendered":"https:\/\/caftanfactory.com\/postule-maintenant\/"},"modified":"2025-10-20T08:59:43","modified_gmt":"2025-10-20T06:59:43","slug":"postule-maintenant","status":"publish","type":"page","link":"https:\/\/caftanfactory.com\/fr\/postule-maintenant\/","title":{"rendered":"Postule maintenant"},"content":{"rendered":"\n\n\t<section class=\"section\" id=\"section_663361797\">\n\t\t<div class=\"section-bg fill\" >\n\t\t\t<img loading=\"lazy\" decoding=\"async\" width=\"907\" height=\"510\" src=\"https:\/\/caftanfactory.com\/wp-content\/uploads\/2021\/03\/background-closeup-light-03-01.png\" class=\"bg attachment- size-\" alt=\"\" \/>\t\t\t\t\t\t<div class=\"section-bg-overlay absolute fill\"><\/div>\n\t\t\t\n\n\t\t<\/div>\n\n\t\t\n\n\t\t<div class=\"section-content relative\">\n\t\t\t\n\n<div class=\"row\"  id=\"row-139922465\">\n\n\n\t<div id=\"col-432027286\" class=\"col small-12 large-12\"  >\n\t\t\t\t<div class=\"col-inner\"  >\n\t\t\t\n\t\t\t\n\n\n                <div class='gf_browser_gecko gform_wrapper' id='gform_wrapper_4' ><form method='post' enctype='multipart\/form-data'  id='gform_4'  action='\/fr\/wp-json\/wp\/v2\/pages\/272'>\n                        <div class='gform_heading'>\n                            <h3 class='gform_title'>Rejoins notre \u00e9quipe<\/h3>\n                            <span class='gform_description'>Remplissez vos coordonn\u00e9es et nous vous contacterons d\u00e8s que possible.<\/span>\n                        <\/div>\n                        <div class='gform_body'><ul id='gform_fields_4' class='gform_fields top_label form_sublabel_below description_below'><li id='field_4_13'  class='gfield gfield_contains_required field_sublabel_below field_description_below gfield_visibility_visible' ><label class='gfield_label'  >Poste vacant<span class='gfield_required'>*<\/span><\/label><div class='ginput_container ginput_container_radio'><ul class='gfield_radio' id='input_4_13'><li class='gchoice_4_13_0'><input name='input_13' type='radio' value='Vendeuse (v)'  id='choice_4_13_0'    \/><label for='choice_4_13_0' id='label_4_13_0'>Vendeuse (v)<\/label><\/li><li class='gchoice_4_13_1'><input name='input_13' type='radio' value='Administratif (m\/v)'  id='choice_4_13_1'    \/><label for='choice_4_13_1' id='label_4_13_1'>Administratif (m\/v)<\/label><\/li><li class='gchoice_4_13_2'><input name='input_13' type='radio' value='G\u00e9rant de magasin (m\/v)'  id='choice_4_13_2'    \/><label for='choice_4_13_2' id='label_4_13_2'>G\u00e9rant de magasin (m\/v)<\/label><\/li><li class='gchoice_4_13_3'><input name='input_13' type='radio' value='Gestionnaire digital (m\/v)'  id='choice_4_13_3'    \/><label for='choice_4_13_3' id='label_4_13_3'>Gestionnaire digital (m\/v)<\/label><\/li><\/ul><\/div><\/li><li id='field_4_14'  class='gfield gfield_contains_required field_sublabel_below field_description_below gfield_visibility_visible' ><label class='gfield_label'  >Localisation<span class='gfield_required'>*<\/span><\/label><div class='ginput_container ginput_container_radio'><ul class='gfield_radio' id='input_4_14'><li class='gchoice_4_14_0'><input name='input_14' type='radio' value='Bruxelles | Caftan Factory'  id='choice_4_14_0'    \/><label for='choice_4_14_0' id='label_4_14_0'>Bruxelles | Caftan Factory<\/label><\/li><li class='gchoice_4_14_1'><input name='input_14' type='radio' value='Anvers | Caftan Factory'  id='choice_4_14_1'    \/><label for='choice_4_14_1' id='label_4_14_1'>Anvers | Caftan Factory<\/label><\/li><\/ul><\/div><\/li><li id='field_4_2'  class='gfield gfield_contains_required field_sublabel_below field_description_below gfield_visibility_visible' ><label class='gfield_label' for='input_4_2' >Nom de famille<span class='gfield_required'>*<\/span><\/label><div class='ginput_container ginput_container_text'><input name='input_2' id='input_4_2' type='text' value='' class='medium'    placeholder='Entrez votre nom de famille' aria-required=\"true\" aria-invalid=\"false\" \/><\/div><\/li><li id='field_4_1'  class='gfield gfield_contains_required field_sublabel_below field_description_below gfield_visibility_visible' ><label class='gfield_label' for='input_4_1' >Pr\u00e9nom<span class='gfield_required'>*<\/span><\/label><div class='ginput_container ginput_container_text'><input name='input_1' id='input_4_1' type='text' value='' class='medium'    placeholder='Entrez votre pr\u00e9nom' aria-required=\"true\" aria-invalid=\"false\" \/><\/div><\/li><li id='field_4_4'  class='gfield gfield_contains_required field_sublabel_below field_description_below gfield_visibility_visible' ><label class='gfield_label'  >Date de naissance<span class='gfield_required'>*<\/span><\/label><div id='input_4_4' class='ginput_container ginput_container_date'><div class='clear-multi'><div class='gfield_date_dropdown_day ginput_container ginput_container_date' id='input_4_4_2_container'><select name='input_4[]' id='input_4_4_2'   aria-label='Jour'><option value=''>Jour<\/option><option value='1' >1<\/option><option value='2' >2<\/option><option value='3' >3<\/option><option value='4' >4<\/option><option value='5' >5<\/option><option value='6' >6<\/option><option value='7' >7<\/option><option value='8' >8<\/option><option value='9' >9<\/option><option value='10' >10<\/option><option value='11' >11<\/option><option value='12' >12<\/option><option value='13' >13<\/option><option value='14' >14<\/option><option value='15' >15<\/option><option value='16' >16<\/option><option value='17' >17<\/option><option value='18' >18<\/option><option value='19' >19<\/option><option value='20' >20<\/option><option value='21' >21<\/option><option value='22' >22<\/option><option value='23' >23<\/option><option value='24' >24<\/option><option value='25' >25<\/option><option value='26' >26<\/option><option value='27' >27<\/option><option value='28' >28<\/option><option value='29' >29<\/option><option value='30' >30<\/option><option value='31' >31<\/option><\/select><\/div><div class='gfield_date_dropdown_month ginput_container ginput_container_date' id='input_4_4_1_container'><select name='input_4[]' id='input_4_4_1'   aria-label='Mois'><option value=''>Mois<\/option><option value='1' >1<\/option><option value='2' >2<\/option><option value='3' >3<\/option><option value='4' >4<\/option><option value='5' >5<\/option><option value='6' >6<\/option><option value='7' >7<\/option><option value='8' >8<\/option><option value='9' >9<\/option><option value='10' >10<\/option><option value='11' >11<\/option><option value='12' >12<\/option><\/select><\/div><div class='gfield_date_dropdown_year ginput_container ginput_container_date' id='input_4_4_3_container'><select name='input_4[]' id='input_4_4_3'   aria-label='Ann\u00e9e'><option value=''>Ann\u00e9e<\/option><option value='2027' >2027<\/option><option value='2026' >2026<\/option><option value='2025' >2025<\/option><option value='2024' >2024<\/option><option value='2023' >2023<\/option><option value='2022' >2022<\/option><option value='2021' >2021<\/option><option value='2020' >2020<\/option><option value='2019' >2019<\/option><option value='2018' >2018<\/option><option value='2017' >2017<\/option><option value='2016' >2016<\/option><option value='2015' >2015<\/option><option value='2014' >2014<\/option><option value='2013' >2013<\/option><option value='2012' >2012<\/option><option value='2011' >2011<\/option><option value='2010' >2010<\/option><option value='2009' >2009<\/option><option value='2008' >2008<\/option><option value='2007' >2007<\/option><option value='2006' >2006<\/option><option value='2005' >2005<\/option><option value='2004' >2004<\/option><option value='2003' >2003<\/option><option value='2002' >2002<\/option><option value='2001' >2001<\/option><option value='2000' >2000<\/option><option value='1999' >1999<\/option><option value='1998' >1998<\/option><option value='1997' >1997<\/option><option value='1996' >1996<\/option><option value='1995' >1995<\/option><option value='1994' >1994<\/option><option value='1993' >1993<\/option><option value='1992' >1992<\/option><option value='1991' >1991<\/option><option value='1990' >1990<\/option><option value='1989' >1989<\/option><option value='1988' >1988<\/option><option value='1987' >1987<\/option><option value='1986' >1986<\/option><option value='1985' >1985<\/option><option value='1984' >1984<\/option><option value='1983' >1983<\/option><option value='1982' >1982<\/option><option value='1981' >1981<\/option><option value='1980' >1980<\/option><option value='1979' >1979<\/option><option value='1978' >1978<\/option><option value='1977' >1977<\/option><option value='1976' >1976<\/option><option value='1975' >1975<\/option><option value='1974' >1974<\/option><option value='1973' >1973<\/option><option value='1972' >1972<\/option><option value='1971' >1971<\/option><option value='1970' >1970<\/option><option value='1969' >1969<\/option><option value='1968' >1968<\/option><option value='1967' >1967<\/option><option value='1966' >1966<\/option><option value='1965' >1965<\/option><option value='1964' >1964<\/option><option value='1963' >1963<\/option><option value='1962' >1962<\/option><option value='1961' >1961<\/option><option value='1960' >1960<\/option><option value='1959' >1959<\/option><option value='1958' >1958<\/option><option value='1957' >1957<\/option><option value='1956' >1956<\/option><option value='1955' >1955<\/option><option value='1954' >1954<\/option><option value='1953' >1953<\/option><option value='1952' >1952<\/option><option value='1951' >1951<\/option><option value='1950' >1950<\/option><option value='1949' >1949<\/option><option value='1948' >1948<\/option><option value='1947' >1947<\/option><option value='1946' >1946<\/option><option value='1945' >1945<\/option><option value='1944' >1944<\/option><option value='1943' >1943<\/option><option value='1942' >1942<\/option><option value='1941' >1941<\/option><option value='1940' >1940<\/option><option value='1939' >1939<\/option><option value='1938' >1938<\/option><option value='1937' >1937<\/option><option value='1936' >1936<\/option><option value='1935' >1935<\/option><option value='1934' >1934<\/option><option value='1933' >1933<\/option><option value='1932' >1932<\/option><option value='1931' >1931<\/option><option value='1930' >1930<\/option><option value='1929' >1929<\/option><option value='1928' >1928<\/option><option value='1927' >1927<\/option><option value='1926' >1926<\/option><option value='1925' >1925<\/option><option value='1924' >1924<\/option><option value='1923' >1923<\/option><option value='1922' >1922<\/option><option value='1921' >1921<\/option><option value='1920' >1920<\/option><\/select><\/div><\/div><\/div><\/li><li id='field_4_6'  class='gfield gfield_contains_required field_sublabel_below field_description_below gfield_visibility_visible' ><label class='gfield_label' for='input_4_6' >Num\u00e9ro de t\u00e9l\u00e9phone<span class='gfield_required'>*<\/span><\/label><div class='ginput_container ginput_container_phone'><input name='input_6' id='input_4_6' type='text' value='' class='medium'  placeholder='+32 412 34 56 78' aria-required=\"true\" aria-invalid=\"false\"  \/><\/div><\/li><li id='field_4_5'  class='gfield gfield_contains_required field_sublabel_below field_description_below gfield_visibility_visible' ><label class='gfield_label' for='input_4_5' >Email<span class='gfield_required'>*<\/span><\/label><div class='ginput_container ginput_container_email'>\n                            <input name='input_5' id='input_4_5' type='text' value='' class='medium'   placeholder='Adresse e-mail' aria-required=\"true\" aria-invalid=\"false\" \/>\n                        <\/div><\/li><li id='field_4_7'  class='gfield field_sublabel_below field_description_below gfield_visibility_visible' ><label class='gfield_label' for='input_4_7' >T\u00e9l\u00e9charger votre CV<\/label><div class='ginput_container ginput_container_fileupload'><input type='hidden' name='MAX_FILE_SIZE' value='2097152000' \/><input name='input_7' id='input_4_7' type='file' class='medium' aria-describedby='validation_message_4_7 live_validation_message_4_7 extensions_message_4_7' onchange='javascript:gformValidateFileSize( this, 2097152000 );'  \/><span id='extensions_message_4_7' class='screen-reader-text'><\/span><div class='validation_message' id='live_validation_message_4_7'><\/div><\/div><\/li><li id='field_4_8'  class='gfield gfield_contains_required field_sublabel_below field_description_below gfield_visibility_visible' ><label class='gfield_label'  >Disponible depuis<span class='gfield_required'>*<\/span><\/label><div id='input_4_8' class='ginput_container ginput_container_date'><div class='clear-multi'><div class='gfield_date_dropdown_day ginput_container ginput_container_date' id='input_4_8_2_container'><select name='input_8[]' id='input_4_8_2'   aria-label='Jour'><option value=''>Jour<\/option><option value='1' >1<\/option><option value='2' >2<\/option><option value='3' >3<\/option><option value='4' >4<\/option><option value='5' >5<\/option><option value='6' >6<\/option><option value='7' >7<\/option><option value='8' >8<\/option><option value='9' >9<\/option><option value='10' >10<\/option><option value='11' >11<\/option><option value='12' >12<\/option><option value='13' >13<\/option><option value='14' >14<\/option><option value='15' >15<\/option><option value='16' >16<\/option><option value='17' >17<\/option><option value='18' >18<\/option><option value='19' >19<\/option><option value='20' >20<\/option><option value='21' >21<\/option><option value='22' >22<\/option><option value='23' >23<\/option><option value='24' >24<\/option><option value='25' >25<\/option><option value='26' >26<\/option><option value='27' >27<\/option><option value='28' >28<\/option><option value='29' >29<\/option><option value='30' >30<\/option><option value='31' >31<\/option><\/select><\/div><div class='gfield_date_dropdown_month ginput_container ginput_container_date' id='input_4_8_1_container'><select name='input_8[]' id='input_4_8_1'   aria-label='Mois'><option value=''>Mois<\/option><option value='1' >1<\/option><option value='2' >2<\/option><option value='3' >3<\/option><option value='4' >4<\/option><option value='5' >5<\/option><option value='6' >6<\/option><option value='7' >7<\/option><option value='8' >8<\/option><option value='9' >9<\/option><option value='10' >10<\/option><option value='11' >11<\/option><option value='12' >12<\/option><\/select><\/div><div class='gfield_date_dropdown_year ginput_container ginput_container_date' id='input_4_8_3_container'><select name='input_8[]' id='input_4_8_3'   aria-label='Ann\u00e9e'><option value=''>Ann\u00e9e<\/option><option value='2027' >2027<\/option><option value='2026' >2026<\/option><option value='2025' >2025<\/option><option value='2024' >2024<\/option><option value='2023' >2023<\/option><option value='2022' >2022<\/option><option value='2021' >2021<\/option><option value='2020' >2020<\/option><option value='2019' >2019<\/option><option value='2018' >2018<\/option><option value='2017' >2017<\/option><option value='2016' >2016<\/option><option value='2015' >2015<\/option><option value='2014' >2014<\/option><option value='2013' >2013<\/option><option value='2012' >2012<\/option><option value='2011' >2011<\/option><option value='2010' >2010<\/option><option value='2009' >2009<\/option><option value='2008' >2008<\/option><option value='2007' >2007<\/option><option value='2006' >2006<\/option><option value='2005' >2005<\/option><option value='2004' >2004<\/option><option value='2003' >2003<\/option><option value='2002' >2002<\/option><option value='2001' >2001<\/option><option value='2000' >2000<\/option><option value='1999' >1999<\/option><option value='1998' >1998<\/option><option value='1997' >1997<\/option><option value='1996' >1996<\/option><option value='1995' >1995<\/option><option value='1994' >1994<\/option><option value='1993' >1993<\/option><option value='1992' >1992<\/option><option value='1991' >1991<\/option><option value='1990' >1990<\/option><option value='1989' >1989<\/option><option value='1988' >1988<\/option><option value='1987' >1987<\/option><option value='1986' >1986<\/option><option value='1985' >1985<\/option><option value='1984' >1984<\/option><option value='1983' >1983<\/option><option value='1982' >1982<\/option><option value='1981' >1981<\/option><option value='1980' >1980<\/option><option value='1979' >1979<\/option><option value='1978' >1978<\/option><option value='1977' >1977<\/option><option value='1976' >1976<\/option><option value='1975' >1975<\/option><option value='1974' >1974<\/option><option value='1973' >1973<\/option><option value='1972' >1972<\/option><option value='1971' >1971<\/option><option value='1970' >1970<\/option><option value='1969' >1969<\/option><option value='1968' >1968<\/option><option value='1967' >1967<\/option><option value='1966' >1966<\/option><option value='1965' >1965<\/option><option value='1964' >1964<\/option><option value='1963' >1963<\/option><option value='1962' >1962<\/option><option value='1961' >1961<\/option><option value='1960' >1960<\/option><option value='1959' >1959<\/option><option value='1958' >1958<\/option><option value='1957' >1957<\/option><option value='1956' >1956<\/option><option value='1955' >1955<\/option><option value='1954' >1954<\/option><option value='1953' >1953<\/option><option value='1952' >1952<\/option><option value='1951' >1951<\/option><option value='1950' >1950<\/option><option value='1949' >1949<\/option><option value='1948' >1948<\/option><option value='1947' >1947<\/option><option value='1946' >1946<\/option><option value='1945' >1945<\/option><option value='1944' >1944<\/option><option value='1943' >1943<\/option><option value='1942' >1942<\/option><option value='1941' >1941<\/option><option value='1940' >1940<\/option><option value='1939' >1939<\/option><option value='1938' >1938<\/option><option value='1937' >1937<\/option><option value='1936' >1936<\/option><option value='1935' >1935<\/option><option value='1934' >1934<\/option><option value='1933' >1933<\/option><option value='1932' >1932<\/option><option value='1931' >1931<\/option><option value='1930' >1930<\/option><option value='1929' >1929<\/option><option value='1928' >1928<\/option><option value='1927' >1927<\/option><option value='1926' >1926<\/option><option value='1925' >1925<\/option><option value='1924' >1924<\/option><option value='1923' >1923<\/option><option value='1922' >1922<\/option><option value='1921' >1921<\/option><option value='1920' >1920<\/option><\/select><\/div><\/div><\/div><\/li><li id='field_4_11'  class='gfield field_sublabel_below field_description_below gfield_visibility_visible' ><label class='gfield_label'  >Jours disponibles de la semaine<\/label><div class='ginput_container ginput_container_checkbox'><ul class='gfield_checkbox' id='input_4_11'><li class='gchoice_4_11_1'>\n\t\t\t\t\t\t\t\t<input name='input_11.1' type='checkbox'  value='Lundi'  id='choice_4_11_1'   \/>\n\t\t\t\t\t\t\t\t<label for='choice_4_11_1' id='label_4_11_1'>Lundi<\/label>\n\t\t\t\t\t\t\t<\/li><li class='gchoice_4_11_2'>\n\t\t\t\t\t\t\t\t<input name='input_11.2' type='checkbox'  value='Mardi'  id='choice_4_11_2'   \/>\n\t\t\t\t\t\t\t\t<label for='choice_4_11_2' id='label_4_11_2'>Mardi<\/label>\n\t\t\t\t\t\t\t<\/li><li class='gchoice_4_11_3'>\n\t\t\t\t\t\t\t\t<input name='input_11.3' type='checkbox'  value='Mercredi'  id='choice_4_11_3'   \/>\n\t\t\t\t\t\t\t\t<label for='choice_4_11_3' id='label_4_11_3'>Mercredi<\/label>\n\t\t\t\t\t\t\t<\/li><li class='gchoice_4_11_4'>\n\t\t\t\t\t\t\t\t<input name='input_11.4' type='checkbox'  value='Jeudi'  id='choice_4_11_4'   \/>\n\t\t\t\t\t\t\t\t<label for='choice_4_11_4' id='label_4_11_4'>Jeudi<\/label>\n\t\t\t\t\t\t\t<\/li><li class='gchoice_4_11_5'>\n\t\t\t\t\t\t\t\t<input name='input_11.5' type='checkbox'  value='Vendredi'  id='choice_4_11_5'   \/>\n\t\t\t\t\t\t\t\t<label for='choice_4_11_5' id='label_4_11_5'>Vendredi<\/label>\n\t\t\t\t\t\t\t<\/li><li class='gchoice_4_11_6'>\n\t\t\t\t\t\t\t\t<input name='input_11.6' type='checkbox'  value='Samedi'  id='choice_4_11_6'   \/>\n\t\t\t\t\t\t\t\t<label for='choice_4_11_6' id='label_4_11_6'>Samedi<\/label>\n\t\t\t\t\t\t\t<\/li><li class='gchoice_4_11_7'>\n\t\t\t\t\t\t\t\t<input name='input_11.7' type='checkbox'  value='Dimanche'  id='choice_4_11_7'   \/>\n\t\t\t\t\t\t\t\t<label for='choice_4_11_7' id='label_4_11_7'>Dimanche<\/label>\n\t\t\t\t\t\t\t<\/li><\/ul><\/div><\/li><li id='field_4_10'  class='gfield gfield_contains_required field_sublabel_below field_description_below gfield_visibility_visible' ><label class='gfield_label' for='input_4_10' >Quelle partie de la journ\u00e9e \u00eates-vous disponible?<span class='gfield_required'>*<\/span><\/label><div class='ginput_container ginput_container_select'><select name='input_10' id='input_4_10' class='medium gfield_select'   aria-required=\"true\" aria-invalid=\"false\"><option value='De 10h00 \u00e0 17h00' >De 10h00 \u00e0 17h00<\/option><option value='De 13h00 \u00e0 20h00' >De 13h00 \u00e0 20h00<\/option><option value='Toute la journ\u00e9e de 10h00 \u00e0 20h00' >Toute la journ\u00e9e de 10h00 \u00e0 20h00<\/option><\/select><\/div><\/li>\n                            <\/ul><\/div>\n        <div class='gform_footer top_label'> <input type='submit' id='gform_submit_button_4' class='gform_button button' value='Appliquer'  onclick='if(window[\"gf_submitting_4\"]){return false;}  window[\"gf_submitting_4\"]=true;  ' onkeypress='if( event.keyCode == 13 ){ if(window[\"gf_submitting_4\"]){return false;} window[\"gf_submitting_4\"]=true;  jQuery(\"#gform_4\").trigger(\"submit\",[true]); }' \/> \n            <input type='hidden' class='gform_hidden' name='is_submit_4' value='1' \/>\n            <input type='hidden' class='gform_hidden' name='gform_submit' value='4' \/>\n            \n            <input type='hidden' class='gform_hidden' name='gform_unique_id' value='' \/>\n            <input type='hidden' class='gform_hidden' name='state_4' value='WyJbXSIsIjQ4ZTRiZTZhNWJhYWNhNTliM2Q2OTE5YzZlYTBhMGRlIl0=' \/>\n            <input type='hidden' class='gform_hidden' name='gform_target_page_number_4' id='gform_target_page_number_4' value='0' \/>\n            <input type='hidden' class='gform_hidden' name='gform_source_page_number_4' id='gform_source_page_number_4' value='1' \/>\n            <input type='hidden' name='gform_field_values' value='' \/>\n            \n        <\/div>\n                        <\/form>\n                        <\/div><script type='text\/javascript'> jQuery(document).bind('gform_post_render', function(event, formId, currentPage){if(formId == 4) {if(typeof Placeholders != 'undefined'){\n                        Placeholders.enable();\n                    }} } );jQuery(document).bind('gform_post_conditional_logic', function(event, formId, fields, isInit){} );<\/script><script type='text\/javascript'> jQuery(document).ready(function(){jQuery(document).trigger('gform_post_render', [4, 1]) } ); <\/script>\n\n\t\t<\/div>\n\t\t\t\t\t<\/div>\n\n\t\n\n<\/div>\n\n\t\t<\/div>\n\n\t\t\n<style>\n#section_663361797 {\n  padding-top: 30px;\n  padding-bottom: 30px;\n}\n#section_663361797 .section-bg-overlay {\n  background-color: rgba(255,255,255,.5);\n}\n<\/style>\n\t<\/section>\n\t\n\n","protected":false},"excerpt":{"rendered":"","protected":false},"author":1,"featured_media":0,"parent":0,"menu_order":0,"comment_status":"closed","ping_status":"closed","template":"page-blank.php","meta":{"footnotes":""},"class_list":["post-272","page","type-page","status-publish","hentry"],"_links":{"self":[{"href":"https:\/\/caftanfactory.com\/fr\/wp-json\/wp\/v2\/pages\/272","targetHints":{"allow":["GET"]}}],"collection":[{"href":"https:\/\/caftanfactory.com\/fr\/wp-json\/wp\/v2\/pages"}],"about":[{"href":"https:\/\/caftanfactory.com\/fr\/wp-json\/wp\/v2\/types\/page"}],"author":[{"embeddable":true,"href":"https:\/\/caftanfactory.com\/fr\/wp-json\/wp\/v2\/users\/1"}],"replies":[{"embeddable":true,"href":"https:\/\/caftanfactory.com\/fr\/wp-json\/wp\/v2\/comments?post=272"}],"version-history":[{"count":2,"href":"https:\/\/caftanfactory.com\/fr\/wp-json\/wp\/v2\/pages\/272\/revisions"}],"predecessor-version":[{"id":274,"href":"https:\/\/caftanfactory.com\/fr\/wp-json\/wp\/v2\/pages\/272\/revisions\/274"}],"wp:attachment":[{"href":"https:\/\/caftanfactory.com\/fr\/wp-json\/wp\/v2\/media?parent=272"}],"curies":[{"name":"wp","href":"https:\/\/api.w.org\/{rel}","templated":true}]}}