{"id":47173,"date":"2025-03-07T23:35:37","date_gmt":"2025-03-07T22:35:37","guid":{"rendered":"https:\/\/caftanfactory.com\/?post_type=product&#038;p=47173"},"modified":"2025-08-29T21:58:58","modified_gmt":"2025-08-29T19:58:58","slug":"ls20r2","status":"publish","type":"product","link":"https:\/\/caftanfactory.com\/fr\/produit\/ls20r2\/","title":{"rendered":"Kimono Velours et caftan cr\u00eape (2 pi\u00e8ces)"},"content":{"rendered":"<p>Ensemble Femme \u2013 \u00c9l\u00e9gance et Raffinement<\/p>\n<p>Cet ensemble sophistiqu\u00e9 en Tlija velours et cr\u00eape allie confort et \u00e9l\u00e9gance. Sa coupe fluide et son tissu de qualit\u00e9 en font un choix id\u00e9al pour les occasions sp\u00e9ciales comme pour le quotidien.<\/p>\n<p>\ud83d\udd39 Composition : Tlija velours et cr\u00eape, doux et agr\u00e9able \u00e0 porter<\/p>\n<p>\ud83d\udd39 Pi\u00e8ces : Ensemble 2 pi\u00e8ces, offrant une coupe fluide et \u00e9l\u00e9gante<\/p>\n<p>\ud83d\udd39 Tailles disponibles : Du S au XXL (voir guide des tailles)<\/p>\n<p>\ud83d\udd39 Remarque : La abaya homme Omani est vendue s\u00e9par\u00e9ment<\/p>\n<p>\ud83d\udd39 R\u00e9f\u00e9rence interne : LS20R2<\/p>\n<p>\ud83d\udcf8 La photo correspond \u00e0 la couleur Blue Petrol et est donn\u00e9e \u00e0 titre illustratif uniquement.<\/p>\n<p>Guide des tailles:<\/p>\n<p>25 = S<\/p>\n<p>26 = S\/M<\/p>\n<p>27 = M<\/p>\n<p>28 = M\/L<\/p>\n<p>29 = L<\/p>\n<p>30 = L\/XL<\/p>\n<p>31 = XL<\/p>\n<p>32 = XL\/XXL<\/p>\n<p>33 = XXL<\/p>\n","protected":false},"excerpt":{"rendered":"<p>Ensemble Femme \u2013 \u00c9l\u00e9gance et Raffinement Cet ensemble sophistiqu\u00e9 en Tlija velours et cr\u00eape allie confort et \u00e9l\u00e9gance. Sa coupe fluide et son tissu de qualit\u00e9 en font un choix id\u00e9al pour les occasions sp\u00e9ciales comme pour le quotidien. \ud83d\udd39 Composition : Tlija velours et cr\u00eape, doux et agr\u00e9able \u00e0 porter \ud83d\udd39 Pi\u00e8ces : Ensemble [&#8230;]\n","protected":false},"featured_media":47210,"template":"","meta":[],"product_brand":[],"product_cat":[15],"product_tag":[],"class_list":{"0":"post-47173","1":"product","2":"type-product","3":"status-publish","4":"has-post-thumbnail","6":"product_cat-uncategorized","8":"first","9":"instock","10":"sale","11":"shipping-taxable","12":"purchasable","13":"product-type-variable"},"_links":{"self":[{"href":"https:\/\/caftanfactory.com\/fr\/wp-json\/wp\/v2\/product\/47173","targetHints":{"allow":["GET"]}}],"collection":[{"href":"https:\/\/caftanfactory.com\/fr\/wp-json\/wp\/v2\/product"}],"about":[{"href":"https:\/\/caftanfactory.com\/fr\/wp-json\/wp\/v2\/types\/product"}],"wp:featuredmedia":[{"embeddable":true,"href":"https:\/\/caftanfactory.com\/fr\/wp-json\/wp\/v2\/media\/47210"}],"wp:attachment":[{"href":"https:\/\/caftanfactory.com\/fr\/wp-json\/wp\/v2\/media?parent=47173"}],"wp:term":[{"taxonomy":"product_brand","embeddable":true,"href":"https:\/\/caftanfactory.com\/fr\/wp-json\/wp\/v2\/product_brand?post=47173"},{"taxonomy":"product_cat","embeddable":true,"href":"https:\/\/caftanfactory.com\/fr\/wp-json\/wp\/v2\/product_cat?post=47173"},{"taxonomy":"product_tag","embeddable":true,"href":"https:\/\/caftanfactory.com\/fr\/wp-json\/wp\/v2\/product_tag?post=47173"}],"curies":[{"name":"wp","href":"https:\/\/api.w.org\/{rel}","templated":true}]}}