{"id":47220,"date":"2025-03-08T00:42:30","date_gmt":"2025-03-07T23:42:30","guid":{"rendered":"https:\/\/caftanfactory.com\/?post_type=product&#038;p=47220"},"modified":"2026-03-07T09:30:48","modified_gmt":"2026-03-07T09:30:48","slug":"ls20r11-kimono-premium","status":"publish","type":"product","link":"https:\/\/caftanfactory.com\/fr\/produit\/ls20r11-kimono-premium\/","title":{"rendered":"Kimono Premium"},"content":{"rendered":"<p>Article Femme &#8211; \u00c9l\u00e9gance et L\u00e9g\u00e8ret\u00e9<\/p>\n<p>Laissez-vous s\u00e9duire par cette tenue \u00e9l\u00e9gante en cr\u00eape perl\u00e9, alliant fluidit\u00e9 et confort. Id\u00e9ale pour toutes les occasions, elle offre une coupe raffin\u00e9e et une grande libert\u00e9 de mouvement.<\/p>\n<p>Composition : Tissu cr\u00eape perl\u00e9, l\u00e9ger et agr\u00e9able \u00e0 porter<\/p>\n<p>Coupe : 1 pi\u00e8ce, taille unique, s&#8217;adapte \u00e0 diff\u00e9rentes morphologies<\/p>\n<p>Remarque : L&#8217;article pour homme est vendu s\u00e9par\u00e9ment<br \/>\nR\u00e9f\u00e9rence interne : LS20R11<\/p>\n<p>La photo correspond \u00e0 la couleur verte et est donn\u00e9e \u00e0 titre illustratif uniquement.<\/p>\n","protected":false},"excerpt":{"rendered":"<p>Article Femme &#8211; \u00c9l\u00e9gance et L\u00e9g\u00e8ret\u00e9 Laissez-vous s\u00e9duire par cette tenue \u00e9l\u00e9gante en cr\u00eape perl\u00e9, alliant fluidit\u00e9 et confort. Id\u00e9ale pour toutes les occasions, elle offre une coupe raffin\u00e9e et une grande libert\u00e9 de mouvement. Composition : Tissu cr\u00eape perl\u00e9, l\u00e9ger et agr\u00e9able \u00e0 porter Coupe : 1 pi\u00e8ce, taille unique, s&#8217;adapte \u00e0 diff\u00e9rentes morphologies [&#8230;]\n","protected":false},"featured_media":47354,"template":"","meta":[],"product_brand":[],"product_cat":[244],"product_tag":[],"class_list":{"0":"post-47220","1":"product","2":"type-product","3":"status-publish","4":"has-post-thumbnail","6":"product_cat-kimono","8":"first","9":"instock","10":"shipping-taxable","11":"purchasable","12":"product-type-variable"},"_links":{"self":[{"href":"https:\/\/caftanfactory.com\/fr\/wp-json\/wp\/v2\/product\/47220","targetHints":{"allow":["GET"]}}],"collection":[{"href":"https:\/\/caftanfactory.com\/fr\/wp-json\/wp\/v2\/product"}],"about":[{"href":"https:\/\/caftanfactory.com\/fr\/wp-json\/wp\/v2\/types\/product"}],"wp:featuredmedia":[{"embeddable":true,"href":"https:\/\/caftanfactory.com\/fr\/wp-json\/wp\/v2\/media\/47354"}],"wp:attachment":[{"href":"https:\/\/caftanfactory.com\/fr\/wp-json\/wp\/v2\/media?parent=47220"}],"wp:term":[{"taxonomy":"product_brand","embeddable":true,"href":"https:\/\/caftanfactory.com\/fr\/wp-json\/wp\/v2\/product_brand?post=47220"},{"taxonomy":"product_cat","embeddable":true,"href":"https:\/\/caftanfactory.com\/fr\/wp-json\/wp\/v2\/product_cat?post=47220"},{"taxonomy":"product_tag","embeddable":true,"href":"https:\/\/caftanfactory.com\/fr\/wp-json\/wp\/v2\/product_tag?post=47220"}],"curies":[{"name":"wp","href":"https:\/\/api.w.org\/{rel}","templated":true}]}}