{"id":47279,"date":"2025-03-11T01:14:16","date_gmt":"2025-03-11T00:14:16","guid":{"rendered":"https:\/\/caftanfactory.com\/?post_type=product&#038;p=47279"},"modified":"2026-02-16T12:08:57","modified_gmt":"2026-02-16T11:08:57","slug":"ls20r17-djellaba-lace-2pcs","status":"publish","type":"product","link":"https:\/\/caftanfactory.com\/fr\/produit\/ls20r17-djellaba-lace-2pcs\/","title":{"rendered":"Djellaba Lace 2pcs"},"content":{"rendered":"<p><strong>Djellaba 2 Pi\u00e8ces \u2013 \u00c9l\u00e9gance et Raffinement<\/strong><\/p>\n<p>D\u00e9couvrez l\u2019\u00e9l\u00e9gance intemporelle de cette djellaba deux pi\u00e8ces, alliant tradition et modernit\u00e9. Confectionn\u00e9e dans un tissu fluide et agr\u00e9ment\u00e9e de somptueuses finitions, elle incarne le luxe et le raffinement. Son jeu de mati\u00e8res entre broderies sophistiqu\u00e9es et dentelle d\u00e9licate sublime chaque d\u00e9tail de cette pi\u00e8ce unique.<\/p>\n<p>\u2022<strong>Composition<\/strong> : M\u00e9lange de cr\u00eape perl\u00e9 et dentelle fine pour un rendu \u00e0 la fois l\u00e9ger et structur\u00e9.<\/p>\n<p>\u2022<strong>Coupe<\/strong> : Deux pi\u00e8ces, offrant une silhouette fluide et gracieuse, adaptable \u00e0 diff\u00e9rentes morphologies.<\/p>\n<p>\u2022<strong>D\u00e9tails<\/strong> : Motifs brod\u00e9s raffin\u00e9s, incrustations de perles et finitions minutieuses.<\/p>\n<p>\u2022<strong>Couleur<\/strong> : Disponible en plusieurs teintes pour s\u2019adapter \u00e0 toutes vos envies.<\/p>\n<p>\u2022<strong>R\u00e9f\u00e9rence interne<\/strong> : LS20R17<\/p>\n","protected":false},"excerpt":{"rendered":"<p>Djellaba 2 Pi\u00e8ces \u2013 \u00c9l\u00e9gance et Raffinement D\u00e9couvrez l\u2019\u00e9l\u00e9gance intemporelle de cette djellaba deux pi\u00e8ces, alliant tradition et modernit\u00e9. Confectionn\u00e9e dans un tissu fluide et agr\u00e9ment\u00e9e de somptueuses finitions, elle incarne le luxe et le raffinement. Son jeu de mati\u00e8res entre broderies sophistiqu\u00e9es et dentelle d\u00e9licate sublime chaque d\u00e9tail de cette pi\u00e8ce unique. \u2022Composition : [&#8230;]\n","protected":false},"featured_media":47372,"template":"","meta":[],"product_brand":[],"product_cat":[243],"product_tag":[],"class_list":{"0":"post-47279","1":"product","2":"type-product","3":"status-publish","4":"has-post-thumbnail","6":"product_cat-djellaba","8":"first","9":"instock","10":"sale","11":"shipping-taxable","12":"purchasable","13":"product-type-variable"},"_links":{"self":[{"href":"https:\/\/caftanfactory.com\/fr\/wp-json\/wp\/v2\/product\/47279","targetHints":{"allow":["GET"]}}],"collection":[{"href":"https:\/\/caftanfactory.com\/fr\/wp-json\/wp\/v2\/product"}],"about":[{"href":"https:\/\/caftanfactory.com\/fr\/wp-json\/wp\/v2\/types\/product"}],"wp:featuredmedia":[{"embeddable":true,"href":"https:\/\/caftanfactory.com\/fr\/wp-json\/wp\/v2\/media\/47372"}],"wp:attachment":[{"href":"https:\/\/caftanfactory.com\/fr\/wp-json\/wp\/v2\/media?parent=47279"}],"wp:term":[{"taxonomy":"product_brand","embeddable":true,"href":"https:\/\/caftanfactory.com\/fr\/wp-json\/wp\/v2\/product_brand?post=47279"},{"taxonomy":"product_cat","embeddable":true,"href":"https:\/\/caftanfactory.com\/fr\/wp-json\/wp\/v2\/product_cat?post=47279"},{"taxonomy":"product_tag","embeddable":true,"href":"https:\/\/caftanfactory.com\/fr\/wp-json\/wp\/v2\/product_tag?post=47279"}],"curies":[{"name":"wp","href":"https:\/\/api.w.org\/{rel}","templated":true}]}}