{"id":47987,"date":"2026-03-02T11:23:54","date_gmt":"2026-03-02T11:23:54","guid":{"rendered":"https:\/\/caftanfactory.com\/?post_type=product&#038;p=47987"},"modified":"2026-04-09T10:18:10","modified_gmt":"2026-04-09T09:18:10","slug":"djellaba-2pcs-perlage-zahra","status":"publish","type":"product","link":"https:\/\/caftanfactory.com\/fr\/produit\/djellaba-2pcs-perlage-zahra\/","title":{"rendered":"Djellaba 2pcs Perl\u00e9 &#8211; Zahra"},"content":{"rendered":"<p>\u00c9l\u00e9gante et raffin\u00e9e, cette djellaba brod\u00e9e ton sur ton s\u00e9duit par la d\u00e9licatesse de ses finitions et son style intemporel. Sa sous-robe en dentelle apporte une touche f\u00e9minine et sophistiqu\u00e9e, tout en assurant confort et fluidit\u00e9.<\/p>\n<p>Parfaite pour vos occasions sp\u00e9ciales comme pour une tenue chic au quotidien.<\/p>\n","protected":false},"excerpt":{"rendered":"<p>\u00c9l\u00e9gante et raffin\u00e9e, cette djellaba brod\u00e9e ton sur ton s\u00e9duit par la d\u00e9licatesse de ses finitions et son style intemporel. Sa sous-robe en dentelle apporte une touche f\u00e9minine et sophistiqu\u00e9e, tout en assurant confort et fluidit\u00e9. Parfaite pour vos occasions sp\u00e9ciales comme pour une tenue chic au quotidien.<\/p>\n","protected":false},"featured_media":49248,"template":"","meta":[],"product_brand":[],"product_cat":[1810,242,243],"product_tag":[1815,1816],"class_list":{"0":"post-47987","1":"product","2":"type-product","3":"status-publish","4":"has-post-thumbnail","6":"product_cat-ramadan-x-eid-collection","7":"product_cat-women","8":"product_cat-djellaba","9":"product_tag-0625ek","10":"product_tag-0725ek","12":"first","13":"instock","14":"shipping-taxable","15":"purchasable","16":"product-type-variable"},"_links":{"self":[{"href":"https:\/\/caftanfactory.com\/fr\/wp-json\/wp\/v2\/product\/47987","targetHints":{"allow":["GET"]}}],"collection":[{"href":"https:\/\/caftanfactory.com\/fr\/wp-json\/wp\/v2\/product"}],"about":[{"href":"https:\/\/caftanfactory.com\/fr\/wp-json\/wp\/v2\/types\/product"}],"wp:featuredmedia":[{"embeddable":true,"href":"https:\/\/caftanfactory.com\/fr\/wp-json\/wp\/v2\/media\/49248"}],"wp:attachment":[{"href":"https:\/\/caftanfactory.com\/fr\/wp-json\/wp\/v2\/media?parent=47987"}],"wp:term":[{"taxonomy":"product_brand","embeddable":true,"href":"https:\/\/caftanfactory.com\/fr\/wp-json\/wp\/v2\/product_brand?post=47987"},{"taxonomy":"product_cat","embeddable":true,"href":"https:\/\/caftanfactory.com\/fr\/wp-json\/wp\/v2\/product_cat?post=47987"},{"taxonomy":"product_tag","embeddable":true,"href":"https:\/\/caftanfactory.com\/fr\/wp-json\/wp\/v2\/product_tag?post=47987"}],"curies":[{"name":"wp","href":"https:\/\/api.w.org\/{rel}","templated":true}]}}