{"id":48941,"date":"2026-03-02T12:52:24","date_gmt":"2026-03-02T12:52:24","guid":{"rendered":"https:\/\/caftanfactory.com\/?post_type=product&#038;p=48941"},"modified":"2026-03-16T20:16:10","modified_gmt":"2026-03-16T20:16:10","slug":"djellaba-embroidery-lace","status":"publish","type":"product","link":"https:\/\/caftanfactory.com\/fr\/produit\/djellaba-embroidery-lace\/","title":{"rendered":"Djellaba Embroidery Lace &#8211; Asmae"},"content":{"rendered":"<p>Laissez-vous s\u00e9duire par la djellaba brod\u00e9e Asmae, une cr\u00e9ation raffin\u00e9e qui incarne toute la noblesse de la tradition marocaine. \u00c9l\u00e9gante et majestueuse, cette djellaba brod\u00e9e sublime la silhouette avec gr\u00e2ce, id\u00e9ale pour le Ramadan, l\u2019A\u00efd ou une r\u00e9ception d\u2019exception.<\/p>\n<p>Confectionn\u00e9e en cr\u00eape fluide, elle se distingue par ses broderies fines et ses perles tr\u00e8s raffin\u00e9es d\u00e9licatement travaill\u00e9es sur le buste et les manches. Elle est accompagn\u00e9e d\u2019une sous-robe enti\u00e8rement en dentelle, apportant une touche de f\u00e9minit\u00e9 et de sophistication suppl\u00e9mentaire. Le contraste subtil des mati\u00e8res cr\u00e9e un tomb\u00e9 structur\u00e9 et l\u00e9ger, alliant confort et prestance. Cette robe orientale illustre parfaitement le savoir-faire artisanal et l\u2019\u00e9l\u00e9gance d\u2019une tenue traditionnelle moderne. Disponible du L au 3XL, cette djellaba brod\u00e9e met en valeur toutes les morphologies avec distinction.<\/p>\n<p>Parfaite comme tenue Ramadan, tenue mariage ou pour une soir\u00e9e \u00e9l\u00e9gante, la djellaba brod\u00e9e Asmae vous enveloppe d\u2019allure et de confiance pour rayonner lors de chaque \u00e9v\u00e9nement.<\/p>\n","protected":false},"excerpt":{"rendered":"<p>Laissez-vous s\u00e9duire par la djellaba brod\u00e9e Asmae, une cr\u00e9ation raffin\u00e9e qui incarne toute la noblesse de la tradition marocaine. \u00c9l\u00e9gante et majestueuse, cette djellaba brod\u00e9e sublime la silhouette avec gr\u00e2ce, id\u00e9ale pour le Ramadan, l\u2019A\u00efd ou une r\u00e9ception d\u2019exception. Confectionn\u00e9e en cr\u00eape fluide, elle se distingue par ses broderies fines et ses perles tr\u00e8s raffin\u00e9es [&#8230;]\n","protected":false},"featured_media":49322,"template":"","meta":[],"product_brand":[],"product_cat":[1810,242,243],"product_tag":[],"class_list":{"0":"post-48941","1":"product","2":"type-product","3":"status-publish","4":"has-post-thumbnail","6":"product_cat-ramadan-x-eid-collection","7":"product_cat-women","8":"product_cat-djellaba","10":"first","11":"instock","12":"shipping-taxable","13":"purchasable","14":"product-type-variable"},"_links":{"self":[{"href":"https:\/\/caftanfactory.com\/fr\/wp-json\/wp\/v2\/product\/48941","targetHints":{"allow":["GET"]}}],"collection":[{"href":"https:\/\/caftanfactory.com\/fr\/wp-json\/wp\/v2\/product"}],"about":[{"href":"https:\/\/caftanfactory.com\/fr\/wp-json\/wp\/v2\/types\/product"}],"wp:featuredmedia":[{"embeddable":true,"href":"https:\/\/caftanfactory.com\/fr\/wp-json\/wp\/v2\/media\/49322"}],"wp:attachment":[{"href":"https:\/\/caftanfactory.com\/fr\/wp-json\/wp\/v2\/media?parent=48941"}],"wp:term":[{"taxonomy":"product_brand","embeddable":true,"href":"https:\/\/caftanfactory.com\/fr\/wp-json\/wp\/v2\/product_brand?post=48941"},{"taxonomy":"product_cat","embeddable":true,"href":"https:\/\/caftanfactory.com\/fr\/wp-json\/wp\/v2\/product_cat?post=48941"},{"taxonomy":"product_tag","embeddable":true,"href":"https:\/\/caftanfactory.com\/fr\/wp-json\/wp\/v2\/product_tag?post=48941"}],"curies":[{"name":"wp","href":"https:\/\/api.w.org\/{rel}","templated":true}]}}